{"id":5024,"date":"2024-10-18T14:13:21","date_gmt":"2024-10-18T12:13:21","guid":{"rendered":"https:\/\/estaciovegana.com\/?page_id=5024"},"modified":"2026-03-25T23:20:07","modified_gmt":"2026-03-25T22:20:07","slug":"contacto","status":"publish","type":"page","link":"https:\/\/estaciovegana.com\/es\/contacto\/","title":{"rendered":"Contacto"},"content":{"rendered":"<p>[et_pb_section fb_built=\u00bb1&#8243; _builder_version=\u00bb4.21.0&#8243; _module_preset=\u00bbdefault\u00bb background_color=\u00bb#fdf5e8&#8243; custom_margin=\u00bb-4px|||||\u00bb global_colors_info=\u00bb{}\u00bb][et_pb_row column_structure=\u00bb1_2,1_2&#8243; admin_label=\u00bbContact Form\u00bb _builder_version=\u00bb4.16&#8243; global_colors_info=\u00bb{}\u00bb][et_pb_column type=\u00bb1_2&#8243; _builder_version=\u00bb4.16&#8243; custom_padding=\u00bb|||\u00bb global_colors_info=\u00bb{}\u00bb custom_padding__hover=\u00bb|||\u00bb][et_pb_text _builder_version=\u00bb4.21.0&#8243; header_font=\u00bb|600|||||||\u00bb header_text_color=\u00bb#333333&#8243; header_font_size=\u00bb5vw\u00bb header_line_height=\u00bb1.1em\u00bb header_2_font=\u00bb|600|||||||\u00bb header_2_text_color=\u00bb#333333&#8243; header_2_font_size=\u00bb5vw\u00bb background_layout=\u00bbdark\u00bb custom_margin_tablet=\u00bb|0vw|||false|false\u00bb custom_margin_last_edited=\u00bboff|desktop\u00bb header_font_size_tablet=\u00bb60px\u00bb header_font_size_phone=\u00bb40px\u00bb header_font_size_last_edited=\u00bbon|phone\u00bb locked=\u00bboff\u00bb global_colors_info=\u00bb{}\u00bb]<\/p>\n<h2>\u00bfPor qu\u00e9 Estaci\u00f3n Vegana?<\/h2>\n<p>[\/et_pb_text][et_pb_text _builder_version=\u00bb4.21.0&#8243; text_font=\u00bb||||||||\u00bb text_text_color=\u00bb#333333&#8243; background_layout=\u00bbdark\u00bb animation_style=\u00bbfade\u00bb text_font_size_phone=\u00bb14px\u00bb text_font_size_last_edited=\u00bboff|phone\u00bb text_line_height_phone=\u00bb1.6em\u00bb text_line_height_last_edited=\u00bboff|desktop\u00bb locked=\u00bboff\u00bb global_colors_info=\u00bb{}\u00bb]<\/p>\n<ul>\n<li>Porque te presentaremos un mundo nuevo lleno de sabor 100% vegetal.<\/li>\n<li>Porque juntas fomentaremos un consumo responsable, sostenible y consciente.<\/li>\n<li>Porque contribuimos a minimizar el sufrimiento animal, mientras compartimos una cocina artesanal a medida y le hacemos disfrutar de una experiencia \u00fanica y emocionante.<\/li>\n<\/ul>\n<p>&nbsp;<\/p>\n<p><span style=\"font-weight: 400;\">Escr\u00edbenos o ll\u00e1manos al 698661719.<\/span><\/p>\n<p>[\/et_pb_text][\/et_pb_column][et_pb_column type=\u00bb1_2&#8243; _builder_version=\u00bb4.16&#8243; custom_padding=\u00bb|||\u00bb global_colors_info=\u00bb{}\u00bb custom_padding__hover=\u00bb|||\u00bb][et_pb_image src=\u00bbhttps:\/\/estaciovegana.com\/wp-content\/uploads\/2020\/11\/Copia-de-Logo_EV-02-e1606667578977.png\u00bb alt=\u00bbLogo de estaci\u00f3 vegana\u00bb title_text=\u00bbLogo de estaci\u00f3 vegana\u00bb _builder_version=\u00bb4.21.0&#8243; _module_preset=\u00bbdefault\u00bb custom_margin=\u00bb-25px||65px|||\u00bb custom_padding=\u00bb0px|200px|2px|139px|false|false\u00bb global_colors_info=\u00bb{}\u00bb][\/et_pb_image][et_pb_contact_form email=\u00bbcontacte@estaciovegana.com\u00bb success_message=\u00bbGracias por contactarnos. Te escribiremos en breves\u00bb submit_button_text=\u00bbEnviar formulario\u00bb module_id=\u00bbet_pb_contact_form_0&#8243; _builder_version=\u00bb4.21.0&#8243; _unique_id=\u00bb20799103-ecf0-4967-82f3-6427ea059565&#8243; form_field_background_color=\u00bbrgba(255,255,255,0)\u00bb form_field_text_color=\u00bb#333333&#8243; title_font=\u00bbAlice||||||||\u00bb title_font_size=\u00bb36px\u00bb form_field_font=\u00bb||||||||\u00bb form_field_font_size=\u00bb16px\u00bb custom_button=\u00bbon\u00bb button_text_size=\u00bb14px\u00bb button_text_color=\u00bb#333333&#8243; button_bg_color=\u00bb#cf9648&#8243; button_border_width=\u00bb12px\u00bb button_border_color=\u00bb#cf9648&#8243; button_border_radius=\u00bb0px\u00bb button_letter_spacing=\u00bb2px\u00bb button_font=\u00bbPoppins|600||on|||||\u00bb width=\u00bb99.9%\u00bb border_width_all=\u00bb1px\u00bb form_background_color=\u00bbrgba(255,255,255,0)\u00bb global_colors_info=\u00bb{}\u00bb][et_pb_contact_field field_id=\u00bbNom\u00bb field_title=\u00bbNombre y Apellidos\u00bb _builder_version=\u00bb4.21.0&#8243; form_field_font=\u00bb||||||||\u00bb global_colors_info=\u00bb{}\u00bb button_text_size__hover_enabled=\u00bboff\u00bb button_one_text_size__hover_enabled=\u00bboff\u00bb button_two_text_size__hover_enabled=\u00bboff\u00bb button_text_color__hover_enabled=\u00bboff\u00bb button_one_text_color__hover_enabled=\u00bboff\u00bb button_two_text_color__hover_enabled=\u00bboff\u00bb button_border_width__hover_enabled=\u00bboff\u00bb button_one_border_width__hover_enabled=\u00bboff\u00bb button_two_border_width__hover_enabled=\u00bboff\u00bb button_border_color__hover_enabled=\u00bboff\u00bb button_one_border_color__hover_enabled=\u00bboff\u00bb button_two_border_color__hover_enabled=\u00bboff\u00bb button_border_radius__hover_enabled=\u00bboff\u00bb button_one_border_radius__hover_enabled=\u00bboff\u00bb button_two_border_radius__hover_enabled=\u00bboff\u00bb button_letter_spacing__hover_enabled=\u00bboff\u00bb button_one_letter_spacing__hover_enabled=\u00bboff\u00bb button_two_letter_spacing__hover_enabled=\u00bboff\u00bb button_bg_color__hover_enabled=\u00bboff\u00bb button_one_bg_color__hover_enabled=\u00bboff\u00bb button_two_bg_color__hover_enabled=\u00bboff\u00bb][\/et_pb_contact_field][et_pb_contact_field field_id=\u00bbCorreo\u00bb field_title=\u00bbEmail\u00bb field_type=\u00bbemail\u00bb _builder_version=\u00bb4.16&#8243; form_field_font=\u00bb||||||||\u00bb global_colors_info=\u00bb{}\u00bb button_text_size__hover_enabled=\u00bboff\u00bb button_one_text_size__hover_enabled=\u00bboff\u00bb button_two_text_size__hover_enabled=\u00bboff\u00bb button_text_color__hover_enabled=\u00bboff\u00bb button_one_text_color__hover_enabled=\u00bboff\u00bb button_two_text_color__hover_enabled=\u00bboff\u00bb button_border_width__hover_enabled=\u00bboff\u00bb button_one_border_width__hover_enabled=\u00bboff\u00bb button_two_border_width__hover_enabled=\u00bboff\u00bb button_border_color__hover_enabled=\u00bboff\u00bb button_one_border_color__hover_enabled=\u00bboff\u00bb button_two_border_color__hover_enabled=\u00bboff\u00bb button_border_radius__hover_enabled=\u00bboff\u00bb button_one_border_radius__hover_enabled=\u00bboff\u00bb button_two_border_radius__hover_enabled=\u00bboff\u00bb button_letter_spacing__hover_enabled=\u00bboff\u00bb button_one_letter_spacing__hover_enabled=\u00bboff\u00bb button_two_letter_spacing__hover_enabled=\u00bboff\u00bb button_bg_color__hover_enabled=\u00bboff\u00bb button_one_bg_color__hover_enabled=\u00bboff\u00bb button_two_bg_color__hover_enabled=\u00bboff\u00bb][\/et_pb_contact_field][et_pb_contact_field field_id=\u00bbTel\u00e9fono\u00bb field_title=\u00bbTel\u00e9fono\u00bb _builder_version=\u00bb4.16&#8243; form_field_font=\u00bb||||||||\u00bb global_colors_info=\u00bb{}\u00bb button_text_size__hover_enabled=\u00bboff\u00bb button_one_text_size__hover_enabled=\u00bboff\u00bb button_two_text_size__hover_enabled=\u00bboff\u00bb button_text_color__hover_enabled=\u00bboff\u00bb button_one_text_color__hover_enabled=\u00bboff\u00bb button_two_text_color__hover_enabled=\u00bboff\u00bb button_border_width__hover_enabled=\u00bboff\u00bb button_one_border_width__hover_enabled=\u00bboff\u00bb button_two_border_width__hover_enabled=\u00bboff\u00bb button_border_color__hover_enabled=\u00bboff\u00bb button_one_border_color__hover_enabled=\u00bboff\u00bb button_two_border_color__hover_enabled=\u00bboff\u00bb button_border_radius__hover_enabled=\u00bboff\u00bb button_one_border_radius__hover_enabled=\u00bboff\u00bb button_two_border_radius__hover_enabled=\u00bboff\u00bb button_letter_spacing__hover_enabled=\u00bboff\u00bb button_one_letter_spacing__hover_enabled=\u00bboff\u00bb button_two_letter_spacing__hover_enabled=\u00bboff\u00bb button_bg_color__hover_enabled=\u00bboff\u00bb button_one_bg_color__hover_enabled=\u00bboff\u00bb button_two_bg_color__hover_enabled=\u00bboff\u00bb][\/et_pb_contact_field][et_pb_contact_field field_id=\u00bbtipus\u00bb field_title=\u00bb\u00bfQu\u00e9 tipo de evento quieres organizar? \u00bb field_type=\u00bbselect\u00bb select_options=\u00bb%91{%22value%22:%22Boda%22,%22checked%22:0,%22dragID%22:-1},{%22value%22:%22Empresa%22,%22checked%22:0,%22dragID%22:0},{%22value%22:%22Evento particular%22,%22checked%22:0,%22dragID%22:1},{%22value%22:%22Otros%22,%22checked%22:0,%22dragID%22:2}%93&#8243; _builder_version=\u00bb4.21.0&#8243; form_field_font=\u00bb||||||||\u00bb global_colors_info=\u00bb{}\u00bb button_text_size__hover_enabled=\u00bboff\u00bb button_one_text_size__hover_enabled=\u00bboff\u00bb button_two_text_size__hover_enabled=\u00bboff\u00bb button_text_color__hover_enabled=\u00bboff\u00bb button_one_text_color__hover_enabled=\u00bboff\u00bb button_two_text_color__hover_enabled=\u00bboff\u00bb button_border_width__hover_enabled=\u00bboff\u00bb button_one_border_width__hover_enabled=\u00bboff\u00bb button_two_border_width__hover_enabled=\u00bboff\u00bb button_border_color__hover_enabled=\u00bboff\u00bb button_one_border_color__hover_enabled=\u00bboff\u00bb button_two_border_color__hover_enabled=\u00bboff\u00bb button_border_radius__hover_enabled=\u00bboff\u00bb button_one_border_radius__hover_enabled=\u00bboff\u00bb button_two_border_radius__hover_enabled=\u00bboff\u00bb button_letter_spacing__hover_enabled=\u00bboff\u00bb button_one_letter_spacing__hover_enabled=\u00bboff\u00bb button_two_letter_spacing__hover_enabled=\u00bboff\u00bb button_bg_color__hover_enabled=\u00bboff\u00bb button_one_bg_color__hover_enabled=\u00bboff\u00bb button_two_bg_color__hover_enabled=\u00bboff\u00bb][\/et_pb_contact_field][et_pb_contact_field field_id=\u00bbLloc\u00bb field_title=\u00bbLugar del evento\u00bb _builder_version=\u00bb4.21.0&#8243; form_field_font=\u00bb||||||||\u00bb global_colors_info=\u00bb{}\u00bb button_text_size__hover_enabled=\u00bboff\u00bb button_one_text_size__hover_enabled=\u00bboff\u00bb button_two_text_size__hover_enabled=\u00bboff\u00bb button_text_color__hover_enabled=\u00bboff\u00bb button_one_text_color__hover_enabled=\u00bboff\u00bb button_two_text_color__hover_enabled=\u00bboff\u00bb button_border_width__hover_enabled=\u00bboff\u00bb button_one_border_width__hover_enabled=\u00bboff\u00bb button_two_border_width__hover_enabled=\u00bboff\u00bb button_border_color__hover_enabled=\u00bboff\u00bb button_one_border_color__hover_enabled=\u00bboff\u00bb button_two_border_color__hover_enabled=\u00bboff\u00bb button_border_radius__hover_enabled=\u00bboff\u00bb button_one_border_radius__hover_enabled=\u00bboff\u00bb button_two_border_radius__hover_enabled=\u00bboff\u00bb button_letter_spacing__hover_enabled=\u00bboff\u00bb button_one_letter_spacing__hover_enabled=\u00bboff\u00bb button_two_letter_spacing__hover_enabled=\u00bboff\u00bb button_bg_color__hover_enabled=\u00bboff\u00bb button_one_bg_color__hover_enabled=\u00bboff\u00bb button_two_bg_color__hover_enabled=\u00bboff\u00bb][\/et_pb_contact_field][et_pb_contact_field field_id=\u00bbdia_hora\u00bb field_title=\u00bbDia y hora\u00bb _builder_version=\u00bb4.21.0&#8243; form_field_font=\u00bb||||||||\u00bb global_colors_info=\u00bb{}\u00bb button_text_size__hover_enabled=\u00bboff\u00bb button_one_text_size__hover_enabled=\u00bboff\u00bb button_two_text_size__hover_enabled=\u00bboff\u00bb button_text_color__hover_enabled=\u00bboff\u00bb button_one_text_color__hover_enabled=\u00bboff\u00bb button_two_text_color__hover_enabled=\u00bboff\u00bb button_border_width__hover_enabled=\u00bboff\u00bb button_one_border_width__hover_enabled=\u00bboff\u00bb button_two_border_width__hover_enabled=\u00bboff\u00bb button_border_color__hover_enabled=\u00bboff\u00bb button_one_border_color__hover_enabled=\u00bboff\u00bb button_two_border_color__hover_enabled=\u00bboff\u00bb button_border_radius__hover_enabled=\u00bboff\u00bb button_one_border_radius__hover_enabled=\u00bboff\u00bb button_two_border_radius__hover_enabled=\u00bboff\u00bb button_letter_spacing__hover_enabled=\u00bboff\u00bb button_one_letter_spacing__hover_enabled=\u00bboff\u00bb button_two_letter_spacing__hover_enabled=\u00bboff\u00bb button_bg_color__hover_enabled=\u00bboff\u00bb button_one_bg_color__hover_enabled=\u00bboff\u00bb button_two_bg_color__hover_enabled=\u00bboff\u00bb][\/et_pb_contact_field][et_pb_contact_field field_id=\u00bbInvitados\u00bb field_title=\u00bb\u00bfCu\u00e1ntos son mis invitados?\u00bb _builder_version=\u00bb4.21.0&#8243; form_field_font=\u00bb||||||||\u00bb global_colors_info=\u00bb{}\u00bb button_text_size__hover_enabled=\u00bboff\u00bb button_one_text_size__hover_enabled=\u00bboff\u00bb button_two_text_size__hover_enabled=\u00bboff\u00bb button_text_color__hover_enabled=\u00bboff\u00bb button_one_text_color__hover_enabled=\u00bboff\u00bb button_two_text_color__hover_enabled=\u00bboff\u00bb button_border_width__hover_enabled=\u00bboff\u00bb button_one_border_width__hover_enabled=\u00bboff\u00bb button_two_border_width__hover_enabled=\u00bboff\u00bb button_border_color__hover_enabled=\u00bboff\u00bb button_one_border_color__hover_enabled=\u00bboff\u00bb button_two_border_color__hover_enabled=\u00bboff\u00bb button_border_radius__hover_enabled=\u00bboff\u00bb button_one_border_radius__hover_enabled=\u00bboff\u00bb button_two_border_radius__hover_enabled=\u00bboff\u00bb button_letter_spacing__hover_enabled=\u00bboff\u00bb button_one_letter_spacing__hover_enabled=\u00bboff\u00bb button_two_letter_spacing__hover_enabled=\u00bboff\u00bb button_bg_color__hover_enabled=\u00bboff\u00bb button_one_bg_color__hover_enabled=\u00bboff\u00bb button_two_bg_color__hover_enabled=\u00bboff\u00bb][\/et_pb_contact_field][et_pb_contact_field field_id=\u00bbConegut\u00bb field_title=\u00bb\u00bfC\u00f3mo nos has conocido?\u00bb _builder_version=\u00bb4.21.0&#8243; form_field_font=\u00bb||||||||\u00bb global_colors_info=\u00bb{}\u00bb button_text_size__hover_enabled=\u00bboff\u00bb button_one_text_size__hover_enabled=\u00bboff\u00bb button_two_text_size__hover_enabled=\u00bboff\u00bb button_text_color__hover_enabled=\u00bboff\u00bb button_one_text_color__hover_enabled=\u00bboff\u00bb button_two_text_color__hover_enabled=\u00bboff\u00bb button_border_width__hover_enabled=\u00bboff\u00bb button_one_border_width__hover_enabled=\u00bboff\u00bb button_two_border_width__hover_enabled=\u00bboff\u00bb button_border_color__hover_enabled=\u00bboff\u00bb button_one_border_color__hover_enabled=\u00bboff\u00bb button_two_border_color__hover_enabled=\u00bboff\u00bb button_border_radius__hover_enabled=\u00bboff\u00bb button_one_border_radius__hover_enabled=\u00bboff\u00bb button_two_border_radius__hover_enabled=\u00bboff\u00bb button_letter_spacing__hover_enabled=\u00bboff\u00bb button_one_letter_spacing__hover_enabled=\u00bboff\u00bb button_two_letter_spacing__hover_enabled=\u00bboff\u00bb button_bg_color__hover_enabled=\u00bboff\u00bb button_one_bg_color__hover_enabled=\u00bboff\u00bb button_two_bg_color__hover_enabled=\u00bboff\u00bb][\/et_pb_contact_field][et_pb_contact_field field_id=\u00bbMensaje\u00bb field_title=\u00bbCu\u00e9ntanos m\u00e1s sobre tu evento\u00bb field_type=\u00bbtext\u00bb fullwidth_field=\u00bbon\u00bb _builder_version=\u00bb4.21.0&#8243; global_colors_info=\u00bb{}\u00bb button_text_size__hover_enabled=\u00bboff\u00bb button_one_text_size__hover_enabled=\u00bboff\u00bb button_two_text_size__hover_enabled=\u00bboff\u00bb button_text_color__hover_enabled=\u00bboff\u00bb button_one_text_color__hover_enabled=\u00bboff\u00bb button_two_text_color__hover_enabled=\u00bboff\u00bb button_border_width__hover_enabled=\u00bboff\u00bb button_one_border_width__hover_enabled=\u00bboff\u00bb button_two_border_width__hover_enabled=\u00bboff\u00bb button_border_color__hover_enabled=\u00bboff\u00bb button_one_border_color__hover_enabled=\u00bboff\u00bb button_two_border_color__hover_enabled=\u00bboff\u00bb button_border_radius__hover_enabled=\u00bboff\u00bb button_one_border_radius__hover_enabled=\u00bboff\u00bb button_two_border_radius__hover_enabled=\u00bboff\u00bb button_letter_spacing__hover_enabled=\u00bboff\u00bb button_one_letter_spacing__hover_enabled=\u00bboff\u00bb button_two_letter_spacing__hover_enabled=\u00bboff\u00bb button_bg_color__hover_enabled=\u00bboff\u00bb button_one_bg_color__hover_enabled=\u00bboff\u00bb button_two_bg_color__hover_enabled=\u00bboff\u00bb][\/et_pb_contact_field][\/et_pb_contact_form][\/et_pb_column][\/et_pb_row][\/et_pb_section]<\/p>\n","protected":false},"excerpt":{"rendered":"<p>\u00bfPor qu\u00e9 Estaci\u00f3n Vegana? Porque te presentaremos un mundo nuevo lleno de sabor 100% vegetal. Porque juntas fomentaremos un consumo responsable, sostenible y consciente. Porque contribuimos a minimizar el sufrimiento animal, mientras compartimos una cocina artesanal a medida y le hacemos disfrutar de una experiencia \u00fanica y emocionante. &nbsp; Escr\u00edbenos o ll\u00e1manos al 698661719.<\/p>\n","protected":false},"author":990003,"featured_media":0,"parent":0,"menu_order":0,"comment_status":"closed","ping_status":"closed","template":"","meta":{"_et_pb_use_builder":"on","_et_pb_old_content":"","_et_gb_content_width":"","footnotes":""},"class_list":["post-5024","page","type-page","status-publish","hentry"],"yoast_head":"<!-- This site is optimized with the Yoast SEO plugin v23.7 - https:\/\/yoast.com\/wordpress\/plugins\/seo\/ -->\n<title>Contacto | Estaci\u00f3 Vegana<\/title>\n<meta name=\"description\" content=\"\u00bfTienes un evento? Estamos aqu\u00ed para ayudarte con el catering vegano perfecto. Ponte en contacto con Estaci\u00f3n Vegana y empieza a planificar tu celebraci\u00f3n. Escriu-nos ara!\" \/>\n<meta name=\"robots\" content=\"index, follow, max-snippet:-1, max-image-preview:large, max-video-preview:-1\" \/>\n<link rel=\"canonical\" href=\"https:\/\/estaciovegana.com\/es\/contacto\/\" \/>\n<meta property=\"og:locale\" content=\"es_ES\" \/>\n<meta property=\"og:type\" content=\"article\" \/>\n<meta property=\"og:title\" content=\"Contacto | Estaci\u00f3 Vegana\" \/>\n<meta property=\"og:description\" content=\"\u00bfTienes un evento? Estamos aqu\u00ed para ayudarte con el catering vegano perfecto. Ponte en contacto con Estaci\u00f3n Vegana y empieza a planificar tu celebraci\u00f3n. Escriu-nos ara!\" \/>\n<meta property=\"og:url\" content=\"https:\/\/estaciovegana.com\/es\/contacto\/\" \/>\n<meta property=\"og:site_name\" content=\"Estaci\u00f3 Vegana\" \/>\n<meta property=\"article:publisher\" content=\"https:\/\/www.facebook.com\/estaciovegana\" \/>\n<meta property=\"article:modified_time\" content=\"2026-03-25T22:20:07+00:00\" \/>\n<meta property=\"og:image\" content=\"https:\/\/estaciovegana.com\/wp-content\/uploads\/2018\/06\/logo_blanco.png\" \/>\n\t<meta property=\"og:image:width\" content=\"350\" \/>\n\t<meta property=\"og:image:height\" content=\"350\" \/>\n\t<meta property=\"og:image:type\" content=\"image\/png\" \/>\n<meta name=\"twitter:card\" content=\"summary_large_image\" \/>\n<meta name=\"twitter:label1\" content=\"Tiempo de lectura\" \/>\n\t<meta name=\"twitter:data1\" content=\"1 minuto\" \/>\n<script type=\"application\/ld+json\" class=\"yoast-schema-graph\">{\"@context\":\"https:\/\/schema.org\",\"@graph\":[{\"@type\":\"WebPage\",\"@id\":\"https:\/\/estaciovegana.com\/es\/contacto\/\",\"url\":\"https:\/\/estaciovegana.com\/es\/contacto\/\",\"name\":\"Contacto | Estaci\u00f3 Vegana\",\"isPartOf\":{\"@id\":\"https:\/\/estaciovegana.com\/#website\"},\"datePublished\":\"2024-10-18T12:13:21+00:00\",\"dateModified\":\"2026-03-25T22:20:07+00:00\",\"description\":\"\u00bfTienes un evento? Estamos aqu\u00ed para ayudarte con el catering vegano perfecto. Ponte en contacto con Estaci\u00f3n Vegana y empieza a planificar tu celebraci\u00f3n. Escriu-nos ara!\",\"breadcrumb\":{\"@id\":\"https:\/\/estaciovegana.com\/es\/contacto\/#breadcrumb\"},\"inLanguage\":\"es\",\"potentialAction\":[{\"@type\":\"ReadAction\",\"target\":[\"https:\/\/estaciovegana.com\/es\/contacto\/\"]}]},{\"@type\":\"BreadcrumbList\",\"@id\":\"https:\/\/estaciovegana.com\/es\/contacto\/#breadcrumb\",\"itemListElement\":[{\"@type\":\"ListItem\",\"position\":1,\"name\":\"Portada\",\"item\":\"https:\/\/estaciovegana.com\/es\/inicio-2\/\"},{\"@type\":\"ListItem\",\"position\":2,\"name\":\"Contacto\"}]},{\"@type\":\"WebSite\",\"@id\":\"https:\/\/estaciovegana.com\/#website\",\"url\":\"https:\/\/estaciovegana.com\/\",\"name\":\"Estaci\u00f3 Vegana\",\"description\":\"Catering vegano, ecol\u00f3gico y de temporada\",\"publisher\":{\"@id\":\"https:\/\/estaciovegana.com\/#organization\"},\"potentialAction\":[{\"@type\":\"SearchAction\",\"target\":{\"@type\":\"EntryPoint\",\"urlTemplate\":\"https:\/\/estaciovegana.com\/?s={search_term_string}\"},\"query-input\":{\"@type\":\"PropertyValueSpecification\",\"valueRequired\":true,\"valueName\":\"search_term_string\"}}],\"inLanguage\":\"es\"},{\"@type\":\"Organization\",\"@id\":\"https:\/\/estaciovegana.com\/#organization\",\"name\":\"Estaci\u00f3 Vegana\",\"url\":\"https:\/\/estaciovegana.com\/\",\"logo\":{\"@type\":\"ImageObject\",\"inLanguage\":\"es\",\"@id\":\"https:\/\/estaciovegana.com\/#\/schema\/logo\/image\/\",\"url\":\"https:\/\/estaciovegana.com\/wp-content\/uploads\/2018\/06\/logo_blanco.png\",\"contentUrl\":\"https:\/\/estaciovegana.com\/wp-content\/uploads\/2018\/06\/logo_blanco.png\",\"width\":350,\"height\":350,\"caption\":\"Estaci\u00f3 Vegana\"},\"image\":{\"@id\":\"https:\/\/estaciovegana.com\/#\/schema\/logo\/image\/\"},\"sameAs\":[\"https:\/\/www.facebook.com\/estaciovegana\",\"https:\/\/www.instagram.com\/estaciovegana\/\"]}]}<\/script>\n<!-- \/ Yoast SEO plugin. -->","yoast_head_json":{"title":"Contacto | Estaci\u00f3 Vegana","description":"\u00bfTienes un evento? Estamos aqu\u00ed para ayudarte con el catering vegano perfecto. Ponte en contacto con Estaci\u00f3n Vegana y empieza a planificar tu celebraci\u00f3n. Escriu-nos ara!","robots":{"index":"index","follow":"follow","max-snippet":"max-snippet:-1","max-image-preview":"max-image-preview:large","max-video-preview":"max-video-preview:-1"},"canonical":"https:\/\/estaciovegana.com\/es\/contacto\/","og_locale":"es_ES","og_type":"article","og_title":"Contacto | Estaci\u00f3 Vegana","og_description":"\u00bfTienes un evento? Estamos aqu\u00ed para ayudarte con el catering vegano perfecto. Ponte en contacto con Estaci\u00f3n Vegana y empieza a planificar tu celebraci\u00f3n. Escriu-nos ara!","og_url":"https:\/\/estaciovegana.com\/es\/contacto\/","og_site_name":"Estaci\u00f3 Vegana","article_publisher":"https:\/\/www.facebook.com\/estaciovegana","article_modified_time":"2026-03-25T22:20:07+00:00","og_image":[{"width":350,"height":350,"url":"https:\/\/estaciovegana.com\/wp-content\/uploads\/2018\/06\/logo_blanco.png","type":"image\/png"}],"twitter_card":"summary_large_image","twitter_misc":{"Tiempo de lectura":"1 minuto"},"schema":{"@context":"https:\/\/schema.org","@graph":[{"@type":"WebPage","@id":"https:\/\/estaciovegana.com\/es\/contacto\/","url":"https:\/\/estaciovegana.com\/es\/contacto\/","name":"Contacto | Estaci\u00f3 Vegana","isPartOf":{"@id":"https:\/\/estaciovegana.com\/#website"},"datePublished":"2024-10-18T12:13:21+00:00","dateModified":"2026-03-25T22:20:07+00:00","description":"\u00bfTienes un evento? Estamos aqu\u00ed para ayudarte con el catering vegano perfecto. Ponte en contacto con Estaci\u00f3n Vegana y empieza a planificar tu celebraci\u00f3n. Escriu-nos ara!","breadcrumb":{"@id":"https:\/\/estaciovegana.com\/es\/contacto\/#breadcrumb"},"inLanguage":"es","potentialAction":[{"@type":"ReadAction","target":["https:\/\/estaciovegana.com\/es\/contacto\/"]}]},{"@type":"BreadcrumbList","@id":"https:\/\/estaciovegana.com\/es\/contacto\/#breadcrumb","itemListElement":[{"@type":"ListItem","position":1,"name":"Portada","item":"https:\/\/estaciovegana.com\/es\/inicio-2\/"},{"@type":"ListItem","position":2,"name":"Contacto"}]},{"@type":"WebSite","@id":"https:\/\/estaciovegana.com\/#website","url":"https:\/\/estaciovegana.com\/","name":"Estaci\u00f3 Vegana","description":"Catering vegano, ecol\u00f3gico y de temporada","publisher":{"@id":"https:\/\/estaciovegana.com\/#organization"},"potentialAction":[{"@type":"SearchAction","target":{"@type":"EntryPoint","urlTemplate":"https:\/\/estaciovegana.com\/?s={search_term_string}"},"query-input":{"@type":"PropertyValueSpecification","valueRequired":true,"valueName":"search_term_string"}}],"inLanguage":"es"},{"@type":"Organization","@id":"https:\/\/estaciovegana.com\/#organization","name":"Estaci\u00f3 Vegana","url":"https:\/\/estaciovegana.com\/","logo":{"@type":"ImageObject","inLanguage":"es","@id":"https:\/\/estaciovegana.com\/#\/schema\/logo\/image\/","url":"https:\/\/estaciovegana.com\/wp-content\/uploads\/2018\/06\/logo_blanco.png","contentUrl":"https:\/\/estaciovegana.com\/wp-content\/uploads\/2018\/06\/logo_blanco.png","width":350,"height":350,"caption":"Estaci\u00f3 Vegana"},"image":{"@id":"https:\/\/estaciovegana.com\/#\/schema\/logo\/image\/"},"sameAs":["https:\/\/www.facebook.com\/estaciovegana","https:\/\/www.instagram.com\/estaciovegana\/"]}]}},"_links":{"self":[{"href":"https:\/\/estaciovegana.com\/es\/wp-json\/wp\/v2\/pages\/5024"}],"collection":[{"href":"https:\/\/estaciovegana.com\/es\/wp-json\/wp\/v2\/pages"}],"about":[{"href":"https:\/\/estaciovegana.com\/es\/wp-json\/wp\/v2\/types\/page"}],"author":[{"embeddable":true,"href":"https:\/\/estaciovegana.com\/es\/wp-json\/wp\/v2\/users\/990003"}],"replies":[{"embeddable":true,"href":"https:\/\/estaciovegana.com\/es\/wp-json\/wp\/v2\/comments?post=5024"}],"version-history":[{"count":25,"href":"https:\/\/estaciovegana.com\/es\/wp-json\/wp\/v2\/pages\/5024\/revisions"}],"predecessor-version":[{"id":5869,"href":"https:\/\/estaciovegana.com\/es\/wp-json\/wp\/v2\/pages\/5024\/revisions\/5869"}],"wp:attachment":[{"href":"https:\/\/estaciovegana.com\/es\/wp-json\/wp\/v2\/media?parent=5024"}],"curies":[{"name":"wp","href":"https:\/\/api.w.org\/{rel}","templated":true}]}}