{"id":2266,"date":"2020-03-20T10:57:45","date_gmt":"2020-03-20T09:57:45","guid":{"rendered":"https:\/\/estaciovegana.com\/?page_id=2266"},"modified":"2020-11-30T12:57:04","modified_gmt":"2020-11-30T11:57:04","slug":"cookies","status":"publish","type":"page","link":"https:\/\/estaciovegana.com\/es\/cookies\/","title":{"rendered":"Cookies"},"content":{"rendered":"[et_pb_section fb_built=\u00bb1&#8243; admin_label=\u00bbsection\u00bb _builder_version=\u00bb3.22&#8243;][et_pb_row admin_label=\u00bbrow\u00bb _builder_version=\u00bb3.25&#8243; background_size=\u00bbinitial\u00bb background_position=\u00bbtop_left\u00bb background_repeat=\u00bbrepeat\u00bb][et_pb_column type=\u00bb4_4&#8243; _builder_version=\u00bb3.25&#8243; custom_padding=\u00bb|||\u00bb custom_padding__hover=\u00bb|||\u00bb][et_pb_post_title meta=\u00bboff\u00bb featured_image=\u00bboff\u00bb _builder_version=\u00bb4.7.3&#8243; _module_preset=\u00bbdefault\u00bb][\/et_pb_post_title][et_pb_text admin_label=\u00bbText\u00bb _builder_version=\u00bb4.7.4&#8243; background_size=\u00bbinitial\u00bb background_position=\u00bbtop_left\u00bb background_repeat=\u00bbrepeat\u00bb hover_enabled=\u00bb0&#8243; sticky_enabled=\u00bb0&#8243;]<p><\/p>\n<p><strong>POL\u00cdTICA DE USO DE COOKIES<\/strong><\/p>\n<p>Seg\u00fan lo dispuesto en el art\u00edculo 22.2 de la Ley 34\/2002, de 11 de julio, de Servicios de la Sociedad de la Informaci\u00f3n y de Comercio Electr\u00f3nico (LSSI-CE), se explica cuales son las cookies que utiliza en este portal:<\/p>\n<p><strong>Cookies de personalizaci\u00f3n<\/strong><\/p>\n<p>Permiten al usuario acceder al servicio con algunas caracter\u00edsticas de car\u00e1cter general predefinidas en funci\u00f3n de una serie de criterios en el terminal del usuario como por ejemplo serian el idioma, el tipo de navegador a trav\u00e9s del cual accede al servicio, la configuraci\u00f3n regional desde donde accede al servicio, etc.<\/p>\n<p><strong>Cookies propias del editor<\/strong><\/p>\n<p>Las cookies propias se env\u00edan al equipo terminal del usuario desde un equipo o dominio gestionado por el propio editor y desde el que se presta el servicio solicitado por la usuaria.<\/p>\n<p><strong>Cookies para Google Analytics<\/strong><\/p>\n<p>Esta herramienta almacena cookies para elaborar estad\u00edsticas sobre el tr\u00e1fico y las visitas a esta web. Al utilizar este sitio web est\u00e1 consintiendo el tratamiento de informaci\u00f3n acerca de usted por Google.<\/p>\n<p>Por ende, el ejercicio de cualquier derecho en este sentido deber\u00e1 hacerlo directamente con Google.<\/p>\n<p>Las cookies de Google Analytics, se guardan servidores en Estados Unidos y bajo esta legislaci\u00f3n est\u00e1n sujetos a no compartir dichos datos con terceros, excepto cuando sea indispensable para el funcionamiento del sistema o cuando la ley obligue a tal efecto (Investigaciones por webs con contenido de maltrato infantil, animal, mensajes de odio hacia un grupo, etc). Google no guarda su direcci\u00f3n IP.<\/p>\n<p>Si tienes dudas sobre el tratamiento de datos de Google Analytics, puedes referirte a esta web: <a href=\"https:\/\/support.google.com\/analytics\/answer\/6004245\">https:\/\/support.google.com\/analytics\/answer\/6004245<\/a><\/p>\n<p>&nbsp;<\/p>\n<div class=\"et_pb_module et_pb_text et_pb_text_7  et_pb_text_align_left et_pb_bg_layout_light\">\n<div class=\"et_pb_text_inner\">\n<h3>Si no quieres que tu navegador guarde tus datos y bloquee cookies<\/h3>\n<p>Esto puedes configurarlo directamente en tu navegador. Te dejo este listado de pasos, selecciona el navegador que cotidianamente utilizas y en unos minutos, queda libre de cookies. Recuerda que tambi\u00e9n muchos navegadores ofrecen la \u00abNavegaci\u00f3n inc\u00f3gnita\u00bb que en teor\u00eda es libre de cach\u00e9 y cookies.<\/p>\n<\/div>\n<\/div>\n<div class=\"et_pb_module et_pb_text et_pb_text_8  et_pb_text_align_left et_pb_bg_layout_light\">\n<div class=\"et_pb_text_inner\">\n<ul>\n<li><a href=\"https:\/\/support.mozilla.org\/en-US\/kb\/block-cookies-firefox-focus-android\">Firefox<\/a><\/li>\n<li><a href=\"https:\/\/support.google.com\/chrome\/answer\/95647?hl=es\">Chrome<\/a><\/li>\n<li><a href=\"https:\/\/support.microsoft.com\/en-us\/help\/17442\">Explorer<\/a><\/li>\n<li><a href=\"https:\/\/support.apple.com\/guide\/safari\/manage-cookies-and-website-data-sfri11471\/mac\">Safari<\/a><\/li>\n<li><a href=\"https:\/\/help.opera.com\/en\/latest\/web-preferences\/#cookies\">Opera<\/a><\/li>\n<\/ul>\n<\/div>\n<\/div>\n<p><\/p>[\/et_pb_text][\/et_pb_column][\/et_pb_row][\/et_pb_section]","protected":false},"excerpt":{"rendered":"<p>POL\u00cdTICA DE USO DE COOKIES Seg\u00fan lo dispuesto en el art\u00edculo 22.2 de la Ley 34\/2002, de 11 de julio, de Servicios de la Sociedad de la Informaci\u00f3n y de Comercio Electr\u00f3nico (LSSI-CE), se explica cuales son las cookies que utiliza en este portal: Cookies de personalizaci\u00f3n Permiten al usuario acceder al servicio con algunas [&hellip;]<\/p>\n","protected":false},"author":990003,"featured_media":0,"parent":0,"menu_order":0,"comment_status":"closed","ping_status":"closed","template":"","meta":{"_et_pb_use_builder":"on","_et_pb_old_content":"","_et_gb_content_width":"","footnotes":""},"class_list":["post-2266","page","type-page","status-publish","hentry"],"yoast_head":"<!-- This site is optimized with the Yoast SEO plugin v23.7 - https:\/\/yoast.com\/wordpress\/plugins\/seo\/ -->\n<title>Cookies | Estaci\u00f3 Vegana<\/title>\n<meta name=\"robots\" content=\"index, follow, max-snippet:-1, max-image-preview:large, max-video-preview:-1\" \/>\n<link rel=\"canonical\" href=\"https:\/\/estaciovegana.com\/cookies\/\" \/>\n<meta property=\"og:locale\" content=\"es_ES\" \/>\n<meta property=\"og:type\" content=\"article\" \/>\n<meta property=\"og:title\" content=\"Cookies | Estaci\u00f3 Vegana\" \/>\n<meta property=\"og:description\" content=\"POL\u00cdTICA DE USO DE COOKIES Seg\u00fan lo dispuesto en el art\u00edculo 22.2 de la Ley 34\/2002, de 11 de julio, de Servicios de la Sociedad de la Informaci\u00f3n y de Comercio Electr\u00f3nico (LSSI-CE), se explica cuales son las cookies que utiliza en este portal: Cookies de personalizaci\u00f3n Permiten al usuario acceder al servicio con algunas [&hellip;]\" \/>\n<meta property=\"og:url\" content=\"https:\/\/estaciovegana.com\/cookies\/\" \/>\n<meta property=\"og:site_name\" content=\"Estaci\u00f3 Vegana\" \/>\n<meta property=\"article:publisher\" content=\"https:\/\/www.facebook.com\/estaciovegana\" \/>\n<meta property=\"article:modified_time\" content=\"2020-11-30T11:57:04+00:00\" \/>\n<meta property=\"og:image\" content=\"https:\/\/estaciovegana.com\/wp-content\/uploads\/2018\/06\/logo_blanco.png\" \/>\n\t<meta property=\"og:image:width\" content=\"350\" \/>\n\t<meta property=\"og:image:height\" content=\"350\" \/>\n\t<meta property=\"og:image:type\" content=\"image\/png\" \/>\n<meta name=\"twitter:card\" content=\"summary_large_image\" \/>\n<meta name=\"twitter:label1\" content=\"Tiempo de lectura\" \/>\n\t<meta name=\"twitter:data1\" content=\"2 minutos\" \/>\n<script type=\"application\/ld+json\" class=\"yoast-schema-graph\">{\"@context\":\"https:\/\/schema.org\",\"@graph\":[{\"@type\":\"WebPage\",\"@id\":\"https:\/\/estaciovegana.com\/cookies\/\",\"url\":\"https:\/\/estaciovegana.com\/cookies\/\",\"name\":\"Cookies | Estaci\u00f3 Vegana\",\"isPartOf\":{\"@id\":\"https:\/\/estaciovegana.com\/#website\"},\"datePublished\":\"2020-03-20T09:57:45+00:00\",\"dateModified\":\"2020-11-30T11:57:04+00:00\",\"breadcrumb\":{\"@id\":\"https:\/\/estaciovegana.com\/cookies\/#breadcrumb\"},\"inLanguage\":\"es\",\"potentialAction\":[{\"@type\":\"ReadAction\",\"target\":[\"https:\/\/estaciovegana.com\/cookies\/\"]}]},{\"@type\":\"BreadcrumbList\",\"@id\":\"https:\/\/estaciovegana.com\/cookies\/#breadcrumb\",\"itemListElement\":[{\"@type\":\"ListItem\",\"position\":1,\"name\":\"Portada\",\"item\":\"https:\/\/estaciovegana.com\/es\/inicio-2\/\"},{\"@type\":\"ListItem\",\"position\":2,\"name\":\"Cookies\"}]},{\"@type\":\"WebSite\",\"@id\":\"https:\/\/estaciovegana.com\/#website\",\"url\":\"https:\/\/estaciovegana.com\/\",\"name\":\"Estaci\u00f3 Vegana\",\"description\":\"Catering vegano, ecol\u00f3gico y de temporada\",\"publisher\":{\"@id\":\"https:\/\/estaciovegana.com\/#organization\"},\"potentialAction\":[{\"@type\":\"SearchAction\",\"target\":{\"@type\":\"EntryPoint\",\"urlTemplate\":\"https:\/\/estaciovegana.com\/?s={search_term_string}\"},\"query-input\":{\"@type\":\"PropertyValueSpecification\",\"valueRequired\":true,\"valueName\":\"search_term_string\"}}],\"inLanguage\":\"es\"},{\"@type\":\"Organization\",\"@id\":\"https:\/\/estaciovegana.com\/#organization\",\"name\":\"Estaci\u00f3 Vegana\",\"url\":\"https:\/\/estaciovegana.com\/\",\"logo\":{\"@type\":\"ImageObject\",\"inLanguage\":\"es\",\"@id\":\"https:\/\/estaciovegana.com\/#\/schema\/logo\/image\/\",\"url\":\"https:\/\/estaciovegana.com\/wp-content\/uploads\/2018\/06\/logo_blanco.png\",\"contentUrl\":\"https:\/\/estaciovegana.com\/wp-content\/uploads\/2018\/06\/logo_blanco.png\",\"width\":350,\"height\":350,\"caption\":\"Estaci\u00f3 Vegana\"},\"image\":{\"@id\":\"https:\/\/estaciovegana.com\/#\/schema\/logo\/image\/\"},\"sameAs\":[\"https:\/\/www.facebook.com\/estaciovegana\",\"https:\/\/www.instagram.com\/estaciovegana\/\"]}]}<\/script>\n<!-- \/ Yoast SEO plugin. -->","yoast_head_json":{"title":"Cookies | Estaci\u00f3 Vegana","robots":{"index":"index","follow":"follow","max-snippet":"max-snippet:-1","max-image-preview":"max-image-preview:large","max-video-preview":"max-video-preview:-1"},"canonical":"https:\/\/estaciovegana.com\/cookies\/","og_locale":"es_ES","og_type":"article","og_title":"Cookies | Estaci\u00f3 Vegana","og_description":"POL\u00cdTICA DE USO DE COOKIES Seg\u00fan lo dispuesto en el art\u00edculo 22.2 de la Ley 34\/2002, de 11 de julio, de Servicios de la Sociedad de la Informaci\u00f3n y de Comercio Electr\u00f3nico (LSSI-CE), se explica cuales son las cookies que utiliza en este portal: Cookies de personalizaci\u00f3n Permiten al usuario acceder al servicio con algunas [&hellip;]","og_url":"https:\/\/estaciovegana.com\/cookies\/","og_site_name":"Estaci\u00f3 Vegana","article_publisher":"https:\/\/www.facebook.com\/estaciovegana","article_modified_time":"2020-11-30T11:57:04+00:00","og_image":[{"width":350,"height":350,"url":"https:\/\/estaciovegana.com\/wp-content\/uploads\/2018\/06\/logo_blanco.png","type":"image\/png"}],"twitter_card":"summary_large_image","twitter_misc":{"Tiempo de lectura":"2 minutos"},"schema":{"@context":"https:\/\/schema.org","@graph":[{"@type":"WebPage","@id":"https:\/\/estaciovegana.com\/cookies\/","url":"https:\/\/estaciovegana.com\/cookies\/","name":"Cookies | Estaci\u00f3 Vegana","isPartOf":{"@id":"https:\/\/estaciovegana.com\/#website"},"datePublished":"2020-03-20T09:57:45+00:00","dateModified":"2020-11-30T11:57:04+00:00","breadcrumb":{"@id":"https:\/\/estaciovegana.com\/cookies\/#breadcrumb"},"inLanguage":"es","potentialAction":[{"@type":"ReadAction","target":["https:\/\/estaciovegana.com\/cookies\/"]}]},{"@type":"BreadcrumbList","@id":"https:\/\/estaciovegana.com\/cookies\/#breadcrumb","itemListElement":[{"@type":"ListItem","position":1,"name":"Portada","item":"https:\/\/estaciovegana.com\/es\/inicio-2\/"},{"@type":"ListItem","position":2,"name":"Cookies"}]},{"@type":"WebSite","@id":"https:\/\/estaciovegana.com\/#website","url":"https:\/\/estaciovegana.com\/","name":"Estaci\u00f3 Vegana","description":"Catering vegano, ecol\u00f3gico y de temporada","publisher":{"@id":"https:\/\/estaciovegana.com\/#organization"},"potentialAction":[{"@type":"SearchAction","target":{"@type":"EntryPoint","urlTemplate":"https:\/\/estaciovegana.com\/?s={search_term_string}"},"query-input":{"@type":"PropertyValueSpecification","valueRequired":true,"valueName":"search_term_string"}}],"inLanguage":"es"},{"@type":"Organization","@id":"https:\/\/estaciovegana.com\/#organization","name":"Estaci\u00f3 Vegana","url":"https:\/\/estaciovegana.com\/","logo":{"@type":"ImageObject","inLanguage":"es","@id":"https:\/\/estaciovegana.com\/#\/schema\/logo\/image\/","url":"https:\/\/estaciovegana.com\/wp-content\/uploads\/2018\/06\/logo_blanco.png","contentUrl":"https:\/\/estaciovegana.com\/wp-content\/uploads\/2018\/06\/logo_blanco.png","width":350,"height":350,"caption":"Estaci\u00f3 Vegana"},"image":{"@id":"https:\/\/estaciovegana.com\/#\/schema\/logo\/image\/"},"sameAs":["https:\/\/www.facebook.com\/estaciovegana","https:\/\/www.instagram.com\/estaciovegana\/"]}]}},"_links":{"self":[{"href":"https:\/\/estaciovegana.com\/es\/wp-json\/wp\/v2\/pages\/2266"}],"collection":[{"href":"https:\/\/estaciovegana.com\/es\/wp-json\/wp\/v2\/pages"}],"about":[{"href":"https:\/\/estaciovegana.com\/es\/wp-json\/wp\/v2\/types\/page"}],"author":[{"embeddable":true,"href":"https:\/\/estaciovegana.com\/es\/wp-json\/wp\/v2\/users\/990003"}],"replies":[{"embeddable":true,"href":"https:\/\/estaciovegana.com\/es\/wp-json\/wp\/v2\/comments?post=2266"}],"version-history":[{"count":6,"href":"https:\/\/estaciovegana.com\/es\/wp-json\/wp\/v2\/pages\/2266\/revisions"}],"predecessor-version":[{"id":3641,"href":"https:\/\/estaciovegana.com\/es\/wp-json\/wp\/v2\/pages\/2266\/revisions\/3641"}],"wp:attachment":[{"href":"https:\/\/estaciovegana.com\/es\/wp-json\/wp\/v2\/media?parent=2266"}],"curies":[{"name":"wp","href":"https:\/\/api.w.org\/{rel}","templated":true}]}}