{"id":2261,"date":"2020-03-20T10:31:37","date_gmt":"2020-03-20T09:31:37","guid":{"rendered":"https:\/\/estaciovegana.com\/?page_id=2261"},"modified":"2020-11-30T12:21:43","modified_gmt":"2020-11-30T11:21:43","slug":"terminos-y-condiciones","status":"publish","type":"page","link":"https:\/\/estaciovegana.com\/es\/terminos-y-condiciones\/","title":{"rendered":"T\u00e9rminos y condiciones"},"content":{"rendered":"[et_pb_section fb_built=\u00bb1&#8243; admin_label=\u00bbsection\u00bb _builder_version=\u00bb3.22&#8243;][et_pb_row admin_label=\u00bbrow\u00bb _builder_version=\u00bb3.25&#8243; background_size=\u00bbinitial\u00bb background_position=\u00bbtop_left\u00bb background_repeat=\u00bbrepeat\u00bb][et_pb_column type=\u00bb4_4&#8243; _builder_version=\u00bb3.25&#8243; custom_padding=\u00bb|||\u00bb custom_padding__hover=\u00bb|||\u00bb][et_pb_post_title meta=\u00bboff\u00bb featured_image=\u00bboff\u00bb _builder_version=\u00bb4.7.3&#8243; _module_preset=\u00bbdefault\u00bb][\/et_pb_post_title][et_pb_text admin_label=\u00bbText\u00bb _builder_version=\u00bb4.7.4&#8243; background_size=\u00bbinitial\u00bb background_position=\u00bbtop_left\u00bb background_repeat=\u00bbrepeat\u00bb hover_enabled=\u00bb0&#8243; sticky_enabled=\u00bb0&#8243;]<p><\/p>\n<p>La presente Pol\u00edtica de Privacidad establece los t\u00e9rminos en que Estaci\u00f3 Vegana usa y protege la informaci\u00f3n que es proporcionada por sus usuarios al momento de utilizar su sitio web. Esta compa\u00f1\u00eda est\u00e1 comprometida con la seguridad de los datos de sus usuarios. Cuando le pedimos llenar los campos de informaci\u00f3n personal con la cual usted pueda ser identificado, lo hacemos asegurando que s\u00f3lo se emplear\u00e1 de acuerdo con los t\u00e9rminos de este documento. Sin embargo esta Pol\u00edtica de Privacidad puede cambiar con el tiempo o ser actualizada por lo que le recomendamos y enfatizamos revisar continuamente esta p\u00e1gina para asegurarse que est\u00e1 de acuerdo con dichos cambios.<\/p>\n<p><\/p>\n<p><\/p>\n<p><strong>Informaci\u00f3n que es recogida<\/strong><\/p>\n<p><\/p>\n<p><\/p>\n<p>Nuestro sitio web podr\u00e1 recoger informaci\u00f3n personal por ejemplo: Nombre,\u00a0 informaci\u00f3n de contacto como su direcci\u00f3n de correo electr\u00f3nica e informaci\u00f3n demogr\u00e1fica. As\u00ed mismo cuando sea necesario podr\u00e1 ser requerida informaci\u00f3n espec\u00edfica para procesar alg\u00fan pedido o realizar una entrega o facturaci\u00f3n.<\/p>\n<p><\/p>\n<p><\/p>\n<p><strong>Uso de la informaci\u00f3n recogida<\/strong><\/p>\n<p><\/p>\n<p><\/p>\n<p>Nuestro sitio web emplea la informaci\u00f3n con el fin de proporcionar el mejor servicio posible, particularmente para mantener un registro de usuarios, de pedidos en caso que aplique, y mejorar nuestros productos y servicios.\u00a0 Es posible que sean enviados correos electr\u00f3nicos peri\u00f3dicamente a trav\u00e9s de nuestro sitio con ofertas especiales, nuevos productos y otra informaci\u00f3n publicitaria que consideremos relevante para usted o que pueda brindarle alg\u00fan beneficio, estos correos electr\u00f3nicos ser\u00e1n enviados a la direcci\u00f3n que usted proporcione y podr\u00e1n ser cancelados en cualquier momento.<\/p>\n<p><\/p>\n<p><\/p>\n<p>Estaci\u00f3 Vegana est\u00e1 altamente comprometido para cumplir con el compromiso de mantener su informaci\u00f3n segura. Usamos los sistemas m\u00e1s avanzados y los actualizamos constantemente para asegurarnos que no exista ning\u00fan acceso no autorizado.<\/p>\n<p><\/p>\n<p><\/p>\n<p><strong>Cookies<\/strong><\/p>\n<p><\/p>\n<p><\/p>\n<p>Para cualquier duda pulse aqu\u00ed.<\/p>\n<p><\/p>\n<p><\/p>\n<p><strong>Enlaces a Terceros<\/strong><\/p>\n<p><\/p>\n<p><\/p>\n<p>Este sitio web pudiera contener enlaces a otros sitios que pudieran ser de su inter\u00e9s. Una vez que usted de clic en estos enlaces y abandone nuestra p\u00e1gina, ya no tenemos control sobre al sitio al que es redirigido y por lo tanto no somos responsables de los t\u00e9rminos o privacidad ni de la protecci\u00f3n de sus datos en esos otros sitios terceros. Dichos sitios est\u00e1n sujetos a sus propias pol\u00edticas de privacidad por lo cual es recomendable que los consulte para confirmar que usted est\u00e1 de acuerdo con estas.<\/p>\n<p><\/p>\n<p><\/p>\n<p><strong>Control de su informaci\u00f3n personal<\/strong><\/p>\n<p><\/p>\n<p><\/p>\n<p>En cualquier momento usted puede restringir la recopilaci\u00f3n o el uso de la informaci\u00f3n personal que es proporcionada a nuestro sitio web.\u00a0 Cada vez que se le solicite rellenar un formulario, como el de alta de usuario, puede marcar o desmarcar la opci\u00f3n de recibir informaci\u00f3n por correo electr\u00f3nico.\u00a0 En caso de que haya marcado la opci\u00f3n de recibir nuestro bolet\u00edn o publicidad usted puede cancelarla en cualquier momento.<\/p>\n<p><\/p>\n<p><\/p>\n<p>Esta compa\u00f1\u00eda no vender\u00e1, ceder\u00e1 ni distribuir\u00e1 la informaci\u00f3n personal que es recopilada sin su consentimiento, salvo que sea requerido por un juez con un orden judicial.<\/p>\n<p><\/p>\n<p><\/p>\n<p>Estaciovegana Se reserva el derecho de cambiar los t\u00e9rminos de la presente Pol\u00edtica de Privacidad en cualquier momento.<\/p>\n<p><\/p>\n[\/et_pb_text][\/et_pb_column][\/et_pb_row][\/et_pb_section]","protected":false},"excerpt":{"rendered":"<p>La presente Pol\u00edtica de Privacidad establece los t\u00e9rminos en que Estaci\u00f3 Vegana usa y protege la informaci\u00f3n que es proporcionada por sus usuarios al momento de utilizar su sitio web. Esta compa\u00f1\u00eda est\u00e1 comprometida con la seguridad de los datos de sus usuarios. Cuando le pedimos llenar los campos de informaci\u00f3n personal con la cual [&hellip;]<\/p>\n","protected":false},"author":990003,"featured_media":0,"parent":0,"menu_order":0,"comment_status":"closed","ping_status":"closed","template":"","meta":{"_et_pb_use_builder":"on","_et_pb_old_content":"<!-- wp:paragraph -->\n<p>El presente Pol\u00edtica de Privacidad establece los t\u00e9rminos en que Estaci\u00f3vegana usa y protege la informaci\u00f3n que es proporcionada por sus usuarios al momento de utilizar su sitio web. Esta compa\u00f1\u00eda est\u00e1 comprometida con la seguridad de los datos de sus usuarios. Cuando le pedimos llenar los campos de informaci\u00f3n personal con la cual usted pueda ser identificado, lo hacemos asegurando que s\u00f3lo se emplear\u00e1 de acuerdo con los t\u00e9rminos de este documento. Sin embargo esta Pol\u00edtica de Privacidad puede cambiar con el tiempo o ser actualizada por lo que le recomendamos y enfatizamos revisar continuamente esta p\u00e1gina para asegurarse que est\u00e1 de acuerdo con dichos cambios.<\/p>\n<!-- \/wp:paragraph -->\n\n<!-- wp:paragraph -->\n<p><strong>Informaci\u00f3n que es recogida<\/strong><\/p>\n<!-- \/wp:paragraph -->\n\n<!-- wp:paragraph -->\n<p>Nuestro sitio web podr\u00e1 recoger informaci\u00f3n personal por ejemplo: Nombre,&nbsp; informaci\u00f3n de contacto como  su direcci\u00f3n de correo electr\u00f3nica e informaci\u00f3n demogr\u00e1fica. As\u00ed mismo cuando sea necesario podr\u00e1 ser requerida informaci\u00f3n espec\u00edfica para procesar alg\u00fan pedido o realizar una entrega o facturaci\u00f3n.<\/p>\n<!-- \/wp:paragraph -->\n\n<!-- wp:paragraph -->\n<p><strong>Uso de la informaci\u00f3n recogida<\/strong><\/p>\n<!-- \/wp:paragraph -->\n\n<!-- wp:paragraph -->\n<p>Nuestro sitio web emplea la informaci\u00f3n con el fin de proporcionar el mejor servicio posible, particularmente para mantener un registro de usuarios, de pedidos en caso que aplique, y mejorar nuestros productos y servicios.&nbsp; Es posible que sean enviados correos electr\u00f3nicos peri\u00f3dicamente a trav\u00e9s de nuestro sitio con ofertas especiales, nuevos productos y otra informaci\u00f3n publicitaria que consideremos relevante para usted o que pueda brindarle alg\u00fan beneficio, estos correos electr\u00f3nicos ser\u00e1n enviados a la direcci\u00f3n que usted proporcione y podr\u00e1n ser cancelados en cualquier momento.<\/p>\n<!-- \/wp:paragraph -->\n\n<!-- wp:paragraph -->\n<p>Estaciovegana est\u00e1 altamente comprometido para cumplir con el compromiso de mantener su informaci\u00f3n segura. Usamos los sistemas m\u00e1s avanzados y los actualizamos constantemente para asegurarnos que no exista ning\u00fan acceso no autorizado.<\/p>\n<!-- \/wp:paragraph -->\n\n<!-- wp:paragraph -->\n<p><strong>Cookies<\/strong><\/p>\n<!-- \/wp:paragraph -->\n\n<!-- wp:paragraph -->\n<p>Para cualquier duda pulse aqu\u00ed.<\/p>\n<!-- \/wp:paragraph -->\n\n<!-- wp:paragraph -->\n<p><strong>Enlaces a Terceros<\/strong><\/p>\n<!-- \/wp:paragraph -->\n\n<!-- wp:paragraph -->\n<p>Este sitio web pudiera contener enlaces a otros sitios que pudieran ser de su inter\u00e9s. Una vez que usted de clic en estos enlaces y abandone nuestra p\u00e1gina, ya no tenemos control sobre al sitio al que es redirigido y por lo tanto no somos responsables de los t\u00e9rminos o privacidad ni de la protecci\u00f3n de sus datos en esos otros sitios terceros. Dichos sitios est\u00e1n sujetos a sus propias pol\u00edticas de privacidad por lo cual es recomendable que los consulte para confirmar que usted est\u00e1 de acuerdo con estas.<\/p>\n<!-- \/wp:paragraph -->\n\n<!-- wp:paragraph -->\n<p><strong>Control de su informaci\u00f3n personal<\/strong><\/p>\n<!-- \/wp:paragraph -->\n\n<!-- wp:paragraph -->\n<p>En cualquier momento usted puede restringir la recopilaci\u00f3n o el uso de la informaci\u00f3n personal que es proporcionada a nuestro sitio web.&nbsp; Cada vez que se le solicite rellenar un formulario, como el de alta de usuario, puede marcar o desmarcar la opci\u00f3n de recibir informaci\u00f3n por correo electr\u00f3nico.&nbsp; En caso de que haya marcado la opci\u00f3n de recibir nuestro bolet\u00edn o publicidad usted puede cancelarla en cualquier momento.<\/p>\n<!-- \/wp:paragraph -->\n\n<!-- wp:paragraph -->\n<p>Esta compa\u00f1\u00eda no vender\u00e1, ceder\u00e1 ni distribuir\u00e1 la informaci\u00f3n personal que es recopilada sin su consentimiento, salvo que sea requerido por un juez con un orden judicial.<\/p>\n<!-- \/wp:paragraph -->\n\n<!-- wp:paragraph -->\n<p>Estaciovegana Se reserva el derecho de cambiar los t\u00e9rminos de la presente Pol\u00edtica de Privacidad en cualquier momento.<\/p>\n<!-- \/wp:paragraph -->","_et_gb_content_width":"","footnotes":""},"class_list":["post-2261","page","type-page","status-publish","hentry"],"yoast_head":"<!-- This site is optimized with the Yoast SEO plugin v23.7 - https:\/\/yoast.com\/wordpress\/plugins\/seo\/ -->\n<title>T\u00e9rminos y condiciones | Estaci\u00f3 Vegana<\/title>\n<meta name=\"robots\" content=\"index, follow, max-snippet:-1, max-image-preview:large, max-video-preview:-1\" \/>\n<link rel=\"canonical\" href=\"https:\/\/estaciovegana.com\/terminos-y-condiciones\/\" \/>\n<meta property=\"og:locale\" content=\"es_ES\" \/>\n<meta property=\"og:type\" content=\"article\" \/>\n<meta property=\"og:title\" content=\"T\u00e9rminos y condiciones | Estaci\u00f3 Vegana\" \/>\n<meta property=\"og:description\" content=\"La presente Pol\u00edtica de Privacidad establece los t\u00e9rminos en que Estaci\u00f3 Vegana usa y protege la informaci\u00f3n que es proporcionada por sus usuarios al momento de utilizar su sitio web. Esta compa\u00f1\u00eda est\u00e1 comprometida con la seguridad de los datos de sus usuarios. Cuando le pedimos llenar los campos de informaci\u00f3n personal con la cual [&hellip;]\" \/>\n<meta property=\"og:url\" content=\"https:\/\/estaciovegana.com\/terminos-y-condiciones\/\" \/>\n<meta property=\"og:site_name\" content=\"Estaci\u00f3 Vegana\" \/>\n<meta property=\"article:publisher\" content=\"https:\/\/www.facebook.com\/estaciovegana\" \/>\n<meta property=\"article:modified_time\" content=\"2020-11-30T11:21:43+00:00\" \/>\n<meta property=\"og:image\" content=\"https:\/\/estaciovegana.com\/wp-content\/uploads\/2018\/06\/logo_blanco.png\" \/>\n\t<meta property=\"og:image:width\" content=\"350\" \/>\n\t<meta property=\"og:image:height\" content=\"350\" \/>\n\t<meta property=\"og:image:type\" content=\"image\/png\" \/>\n<meta name=\"twitter:card\" content=\"summary_large_image\" \/>\n<meta name=\"twitter:label1\" content=\"Tiempo de lectura\" \/>\n\t<meta name=\"twitter:data1\" content=\"3 minutos\" \/>\n<script type=\"application\/ld+json\" class=\"yoast-schema-graph\">{\"@context\":\"https:\/\/schema.org\",\"@graph\":[{\"@type\":\"WebPage\",\"@id\":\"https:\/\/estaciovegana.com\/terminos-y-condiciones\/\",\"url\":\"https:\/\/estaciovegana.com\/terminos-y-condiciones\/\",\"name\":\"T\u00e9rminos y condiciones | Estaci\u00f3 Vegana\",\"isPartOf\":{\"@id\":\"https:\/\/estaciovegana.com\/#website\"},\"datePublished\":\"2020-03-20T09:31:37+00:00\",\"dateModified\":\"2020-11-30T11:21:43+00:00\",\"breadcrumb\":{\"@id\":\"https:\/\/estaciovegana.com\/terminos-y-condiciones\/#breadcrumb\"},\"inLanguage\":\"es\",\"potentialAction\":[{\"@type\":\"ReadAction\",\"target\":[\"https:\/\/estaciovegana.com\/terminos-y-condiciones\/\"]}]},{\"@type\":\"BreadcrumbList\",\"@id\":\"https:\/\/estaciovegana.com\/terminos-y-condiciones\/#breadcrumb\",\"itemListElement\":[{\"@type\":\"ListItem\",\"position\":1,\"name\":\"Portada\",\"item\":\"https:\/\/estaciovegana.com\/es\/inicio-2\/\"},{\"@type\":\"ListItem\",\"position\":2,\"name\":\"T\u00e9rminos y condiciones\"}]},{\"@type\":\"WebSite\",\"@id\":\"https:\/\/estaciovegana.com\/#website\",\"url\":\"https:\/\/estaciovegana.com\/\",\"name\":\"Estaci\u00f3 Vegana\",\"description\":\"Catering vegano, ecol\u00f3gico y de temporada\",\"publisher\":{\"@id\":\"https:\/\/estaciovegana.com\/#organization\"},\"potentialAction\":[{\"@type\":\"SearchAction\",\"target\":{\"@type\":\"EntryPoint\",\"urlTemplate\":\"https:\/\/estaciovegana.com\/?s={search_term_string}\"},\"query-input\":{\"@type\":\"PropertyValueSpecification\",\"valueRequired\":true,\"valueName\":\"search_term_string\"}}],\"inLanguage\":\"es\"},{\"@type\":\"Organization\",\"@id\":\"https:\/\/estaciovegana.com\/#organization\",\"name\":\"Estaci\u00f3 Vegana\",\"url\":\"https:\/\/estaciovegana.com\/\",\"logo\":{\"@type\":\"ImageObject\",\"inLanguage\":\"es\",\"@id\":\"https:\/\/estaciovegana.com\/#\/schema\/logo\/image\/\",\"url\":\"https:\/\/estaciovegana.com\/wp-content\/uploads\/2018\/06\/logo_blanco.png\",\"contentUrl\":\"https:\/\/estaciovegana.com\/wp-content\/uploads\/2018\/06\/logo_blanco.png\",\"width\":350,\"height\":350,\"caption\":\"Estaci\u00f3 Vegana\"},\"image\":{\"@id\":\"https:\/\/estaciovegana.com\/#\/schema\/logo\/image\/\"},\"sameAs\":[\"https:\/\/www.facebook.com\/estaciovegana\",\"https:\/\/www.instagram.com\/estaciovegana\/\"]}]}<\/script>\n<!-- \/ Yoast SEO plugin. -->","yoast_head_json":{"title":"T\u00e9rminos y condiciones | Estaci\u00f3 Vegana","robots":{"index":"index","follow":"follow","max-snippet":"max-snippet:-1","max-image-preview":"max-image-preview:large","max-video-preview":"max-video-preview:-1"},"canonical":"https:\/\/estaciovegana.com\/terminos-y-condiciones\/","og_locale":"es_ES","og_type":"article","og_title":"T\u00e9rminos y condiciones | Estaci\u00f3 Vegana","og_description":"La presente Pol\u00edtica de Privacidad establece los t\u00e9rminos en que Estaci\u00f3 Vegana usa y protege la informaci\u00f3n que es proporcionada por sus usuarios al momento de utilizar su sitio web. Esta compa\u00f1\u00eda est\u00e1 comprometida con la seguridad de los datos de sus usuarios. Cuando le pedimos llenar los campos de informaci\u00f3n personal con la cual [&hellip;]","og_url":"https:\/\/estaciovegana.com\/terminos-y-condiciones\/","og_site_name":"Estaci\u00f3 Vegana","article_publisher":"https:\/\/www.facebook.com\/estaciovegana","article_modified_time":"2020-11-30T11:21:43+00:00","og_image":[{"width":350,"height":350,"url":"https:\/\/estaciovegana.com\/wp-content\/uploads\/2018\/06\/logo_blanco.png","type":"image\/png"}],"twitter_card":"summary_large_image","twitter_misc":{"Tiempo de lectura":"3 minutos"},"schema":{"@context":"https:\/\/schema.org","@graph":[{"@type":"WebPage","@id":"https:\/\/estaciovegana.com\/terminos-y-condiciones\/","url":"https:\/\/estaciovegana.com\/terminos-y-condiciones\/","name":"T\u00e9rminos y condiciones | Estaci\u00f3 Vegana","isPartOf":{"@id":"https:\/\/estaciovegana.com\/#website"},"datePublished":"2020-03-20T09:31:37+00:00","dateModified":"2020-11-30T11:21:43+00:00","breadcrumb":{"@id":"https:\/\/estaciovegana.com\/terminos-y-condiciones\/#breadcrumb"},"inLanguage":"es","potentialAction":[{"@type":"ReadAction","target":["https:\/\/estaciovegana.com\/terminos-y-condiciones\/"]}]},{"@type":"BreadcrumbList","@id":"https:\/\/estaciovegana.com\/terminos-y-condiciones\/#breadcrumb","itemListElement":[{"@type":"ListItem","position":1,"name":"Portada","item":"https:\/\/estaciovegana.com\/es\/inicio-2\/"},{"@type":"ListItem","position":2,"name":"T\u00e9rminos y condiciones"}]},{"@type":"WebSite","@id":"https:\/\/estaciovegana.com\/#website","url":"https:\/\/estaciovegana.com\/","name":"Estaci\u00f3 Vegana","description":"Catering vegano, ecol\u00f3gico y de temporada","publisher":{"@id":"https:\/\/estaciovegana.com\/#organization"},"potentialAction":[{"@type":"SearchAction","target":{"@type":"EntryPoint","urlTemplate":"https:\/\/estaciovegana.com\/?s={search_term_string}"},"query-input":{"@type":"PropertyValueSpecification","valueRequired":true,"valueName":"search_term_string"}}],"inLanguage":"es"},{"@type":"Organization","@id":"https:\/\/estaciovegana.com\/#organization","name":"Estaci\u00f3 Vegana","url":"https:\/\/estaciovegana.com\/","logo":{"@type":"ImageObject","inLanguage":"es","@id":"https:\/\/estaciovegana.com\/#\/schema\/logo\/image\/","url":"https:\/\/estaciovegana.com\/wp-content\/uploads\/2018\/06\/logo_blanco.png","contentUrl":"https:\/\/estaciovegana.com\/wp-content\/uploads\/2018\/06\/logo_blanco.png","width":350,"height":350,"caption":"Estaci\u00f3 Vegana"},"image":{"@id":"https:\/\/estaciovegana.com\/#\/schema\/logo\/image\/"},"sameAs":["https:\/\/www.facebook.com\/estaciovegana","https:\/\/www.instagram.com\/estaciovegana\/"]}]}},"_links":{"self":[{"href":"https:\/\/estaciovegana.com\/es\/wp-json\/wp\/v2\/pages\/2261"}],"collection":[{"href":"https:\/\/estaciovegana.com\/es\/wp-json\/wp\/v2\/pages"}],"about":[{"href":"https:\/\/estaciovegana.com\/es\/wp-json\/wp\/v2\/types\/page"}],"author":[{"embeddable":true,"href":"https:\/\/estaciovegana.com\/es\/wp-json\/wp\/v2\/users\/990003"}],"replies":[{"embeddable":true,"href":"https:\/\/estaciovegana.com\/es\/wp-json\/wp\/v2\/comments?post=2261"}],"version-history":[{"count":5,"href":"https:\/\/estaciovegana.com\/es\/wp-json\/wp\/v2\/pages\/2261\/revisions"}],"predecessor-version":[{"id":3632,"href":"https:\/\/estaciovegana.com\/es\/wp-json\/wp\/v2\/pages\/2261\/revisions\/3632"}],"wp:attachment":[{"href":"https:\/\/estaciovegana.com\/es\/wp-json\/wp\/v2\/media?parent=2261"}],"curies":[{"name":"wp","href":"https:\/\/api.w.org\/{rel}","templated":true}]}}